{"id":291,"date":"2023-03-16T19:19:13","date_gmt":"2023-03-16T19:19:13","guid":{"rendered":"http:\/\/uecvalltenes.com\/web\/?page_id=291"},"modified":"2023-03-16T19:24:05","modified_gmt":"2023-03-16T19:24:05","slug":"la-marxa","status":"publish","type":"page","link":"https:\/\/uecvalltenes.com\/web\/la-marxa\/","title":{"rendered":"LA SENDERS"},"content":{"rendered":"\n<p><a href=\"http:\/\/senders.uecvalltenes.com\">http:\/\/senders.uecvalltenes.com<\/a><\/p>\n\n\n\n<p>La Senders Lli\u00e7anenca, \u00e9s una caminada, no competitiva, circular, oberta a tothom,&nbsp; amb l&#8217;objectiu de promocionar i donar a con\u00e8ixer els senders lli\u00e7anencs degudament senyalitzats al poble, i altres camins i corriols de gran inter\u00e8s que tenim a Lli\u00e7\u00e0 d&#8217;Amunt.<\/p>\n\n\n\n<p>El lloc de sortida i arribada ser\u00e0 des del Pati dels Galliners Vells (C\/. Barcelona, 25 de Lli\u00e7\u00e0 d&#8217;Amunt).<\/p>\n\n\n\n<p>Constar\u00e0 de dos recorreguts, un de Llarg de 15\u20196 km i 390 m de desnivell positiu i dificultat moderada, i un de Curt de 6,9 km i 160 m de desnivell positiu i dificultat f\u00e0cil. El recorregut Llarg&nbsp; i el recorregut Curt estan ubicats en el sector de la Serra, i enguany sobre la base del sender local de PR-C 34 de Palaud\u00e0ries.<\/p>\n\n\n\n<p>Els horaris de les sortides ser\u00e1n els mateixos i &nbsp;esglaonats . De 8 a 9 h mat\u00ed. Les acreditacions seran a partir de les 7:45\u202fh, i caldr\u00e0 presentar un document que acrediti la persona participant&nbsp; Les persones federades (FEEC 2023), caldr\u00e0 que presentin la targeta federativa vigent.<\/p>\n\n\n\n<p>La inscripci\u00f3 nom\u00e9s ser\u00e0 anticipada i per internet, amb termini fins el dia 13 d\u2019abril de2023. La inscripci\u00f3 inclour\u00e0 un dorsal de participaci\u00f3, els avituallaments, l&#8217;esmorzar, una asseguran\u00e7a d&#8217;accidents temporal del dia de la caminada per la participaci\u00f3 no federada, &nbsp;un obsequi de la Caminada i els controls de pas dels recorreguts de la caminada.<\/p>\n\n\n\n<p>Els preus d&#8217;inscripci\u00f3 seran els seg\u00fcents:<\/p>\n\n\n\n<p>Participaci\u00f3:<\/p>\n\n\n\n<p>Menors d&#8217;edat (-18 anys) 10 Euros<\/p>\n\n\n\n<p>Associada a la UEC o Federada FEEC 2023 = 12 Euros.<\/p>\n\n\n\n<p>La resta de participaci\u00f3 adulta no associada UEC o no federada = 15 Euros.<\/p>\n\n\n\n<p>Tota la informaci\u00f3 d&#8217;inscripcions, recorreguts, i normativa de la Caminada la trobareu al web de l&#8217;entitat: www.uecvalltenes.com .<\/p>\n\n\n\n<p>IMPORTANT: Cada participant ha de dur de casa un GOT de pl\u00e0stic, pels avituallaments. En cas de no dur-ne, l&#8217;organitzaci\u00f3 en pot facilitar un en dip\u00f2sit per 1 euro.<\/p>\n\n\n\n<p><\/p>\n\n\n\n<figure class=\"wp-block-image size-full\"><img loading=\"lazy\" decoding=\"async\" width=\"567\" height=\"424\" src=\"http:\/\/uecvalltenes.com\/web\/wp-content\/uploads\/2023\/03\/imagen.png\" alt=\"\" class=\"wp-image-299\" srcset=\"https:\/\/uecvalltenes.com\/web\/wp-content\/uploads\/2023\/03\/imagen.png 567w, https:\/\/uecvalltenes.com\/web\/wp-content\/uploads\/2023\/03\/imagen-300x224.png 300w\" sizes=\"auto, (max-width: 567px) 100vw, 567px\" \/><\/figure>\n\n\n\n<p>(Foto: Corriol per on passar\u00e0 \u201cla Senders Lli\u00e7anenca\u201d, al seu pas per la masia de Can Cosc\u00f3 i l\u2019ermita de Sant Valeri\u00e0&nbsp; de Roberts).<\/p>\n\n\n\n<p>US HI ESPEREM!!!<\/p>\n\n\n\n<p>Organitzaci\u00f3 Trescades de la UEC VdT<\/p>\n","protected":false},"excerpt":{"rendered":"<p>http:\/\/senders.uecvalltenes.com La Senders Lli\u00e7anenca, \u00e9s una caminada, no competitiva, circular, oberta a tothom,&nbsp; amb l&#8217;objectiu de promocionar i donar a con\u00e8ixer els senders lli\u00e7anencs degudament<\/p>\n","protected":false},"author":1,"featured_media":0,"parent":0,"menu_order":0,"comment_status":"closed","ping_status":"closed","template":"","meta":{"footnotes":""},"class_list":["post-291","page","type-page","status-publish","hentry"],"_links":{"self":[{"href":"https:\/\/uecvalltenes.com\/web\/wp-json\/wp\/v2\/pages\/291","targetHints":{"allow":["GET"]}}],"collection":[{"href":"https:\/\/uecvalltenes.com\/web\/wp-json\/wp\/v2\/pages"}],"about":[{"href":"https:\/\/uecvalltenes.com\/web\/wp-json\/wp\/v2\/types\/page"}],"author":[{"embeddable":true,"href":"https:\/\/uecvalltenes.com\/web\/wp-json\/wp\/v2\/users\/1"}],"replies":[{"embeddable":true,"href":"https:\/\/uecvalltenes.com\/web\/wp-json\/wp\/v2\/comments?post=291"}],"version-history":[{"count":4,"href":"https:\/\/uecvalltenes.com\/web\/wp-json\/wp\/v2\/pages\/291\/revisions"}],"predecessor-version":[{"id":300,"href":"https:\/\/uecvalltenes.com\/web\/wp-json\/wp\/v2\/pages\/291\/revisions\/300"}],"wp:attachment":[{"href":"https:\/\/uecvalltenes.com\/web\/wp-json\/wp\/v2\/media?parent=291"}],"curies":[{"name":"wp","href":"https:\/\/api.w.org\/{rel}","templated":true}]}}