{"id":2,"date":"2021-06-29T12:58:46","date_gmt":"2021-06-29T12:58:46","guid":{"rendered":"http:\/\/uecvalltenes.com\/web\/?page_id=2"},"modified":"2023-02-05T04:42:31","modified_gmt":"2023-02-05T04:42:31","slug":"pagina-ejemplo","status":"publish","type":"page","link":"http:\/\/uecvalltenes.com\/web\/pagina-ejemplo\/","title":{"rendered":"QUI SOM?"},"content":{"rendered":"\n<ul class=\"wp-block-list\">\n<li><mark>BREU RESUM DE LA HIST\u00d2RIA DE LA U.E.C. DE LA VALL DEL TENES<\/mark><\/li>\n<\/ul>\n\n\n\n<p>La Uni\u00f3 Excursionista de Catalunya de la Vall del Tenes \u00e9s membre afiliada a la Federaci\u00f3 d\u2019Entitats Excursionistes de Catalanya (FEEC) i de la Federaci\u00f3n Espa\u00f1ola de Deportes de Monta\u00f1a y Escalada (FEDME), i \u00e9s una m\u00e9s, de les 9 entitats actuals que formen la Uni\u00f3 Excursionista de Catalunya Agrupaci\u00f3 Esportiva, U.E.C.A.E. (U.E.C.\u2019s de Barcelona, d\u2019Horta, de Gr\u00e0cia, de Sants, de Bag\u00e0, de Matar\u00f3, d\u2019Olesa de Montserrat i de Tortosa) i comparteix amb les esmentades, els refugis guardats i lliures (Ref. UEC Caro, Caseta del Garraf, Ref. Matar\u00f3, Ref. Cinquantenari, Ref. Les Clotes, Ref. de Cova Cambra, Ref. Gr\u00e0cia, Ref. UEC Mas del Tronc, Ref. UEC La Molina, Ref. UEC de Rebost, Ref. de Puigcerc\u00f3s) i la revista de muntanya \u201cExcursionisme\u201d, de publicaci\u00f3 bimestral. Totes elles disposen d\u2019Estatuts propis.<\/p>\n\n\n\n<p>L\u2019entitat fou creada l\u2019any 1975 i agrupa excursionistes dels pobles que formen la Vall del Tenes (Bigues i Riells del Fai, Santa Eul\u00e0lia de Ron\u00e7ana, Lli\u00e7\u00e0 d\u2019Amunt i Lli\u00e7\u00e0 de Vall), de pobles de la rodalia, i de pobles i ciutats del Pa\u00eds.<\/p>\n\n\n\n<p>El precedent de l\u2019entitat, se situa, a partir d\u2019unes rutes al Pirineu, (sobretot dels anys \u201970 a \u201974) d\u2019un grup de joves excursionistes, que decideixen formar una entitat excursionista, l\u2019any 1975, delegaci\u00f3 de la Uni\u00f3 Excursionista de Catalunya, per englobar els excursionistes dels pobles de la Vall del Tenes, per tal de facilitar una s\u00e8rie de serveis, organitzar activitats d\u2019esports de muntanya, i vetllar per una bona preparaci\u00f3 i formaci\u00f3 esportiva.<\/p>\n\n\n\n<p>Des d\u2019un principi es va potenciar l\u2019excursionisme, l\u2019alpinisme, l\u2019escalada en roca i l\u2019esqu\u00ed de muntanya, a trav\u00e9s de diversos cursets d\u2019iniciaci\u00f3 i perfeccionament. Fruit d\u2019aix\u00f2, es realitzaren diverses expedicions als Alps; una als Andes del Per\u00fa el 1985, ascendint diversos pics de cinc mil metres d\u2019al\u00e7ada i el Nevado Tokliarraju de 6.034 m.; una altre al Pamir el 1987 ascendint el Pic Lenin de 7.134 m, i altre cop als Andes Peruans el 1988, per pujar el Nevado Pisco de 5.800 m.<\/p>\n\n\n\n<p>L\u2019any 1980 s\u2019iniciaren dues activitats que s\u2019han mantingut fins a l\u2019actualitat. En el camp dels senders de Gran Recorregut, es t\u00e9 cura del tram de l\u2019etapa 8, del GR 5, que va des d\u2019Aiguafreda a St. Miquel del Fai, i a la tardor de cada any, s\u2019organitza la Marxa-Passeig (MXP), inicialment una Marxa-Passeig de la modalitat de regularitat i en parelles, i despr\u00e9s, d\u2019organitzaci\u00f3 de participaci\u00f3 individual, fruit d\u2019un augment de participaci\u00f3, pels pobles de la Vall del Tenes i Cingles de Bert\u00ed.<\/p>\n\n\n\n<p>Altres activitats, com l\u2019esqu\u00ed alp\u00ed o de pista i l\u2019esqu\u00ed de muntanya (Skimo), a partir de l\u2019any 1984 , es duen a terme, un seguit d\u2019estades continuades d\u2019esqu\u00ed alp\u00ed d\u2019una setmana per festes nadalenques, i per Setmana Santa, als Alps, respectivament.<\/p>\n\n\n\n<p>Des de l\u2019entitat, el1985, va celebrar el d\u00e8cim aniversari de la seva fundaci\u00f3. Entre les activitats complertes en aquell any, cal destacar la travessa del Pirineu des d\u2019Hendaia al Cap de Creus i l\u2019elaboraci\u00f3 de la maqueta de la Vall del Tenes, a escala 1:10:000.<\/p>\n\n\n\n<p>L\u2019entitat disposa de material de muntanya col.lectiu com tendes, piolets, grampons, raquetes de neu, esqu\u00eds de muntanya, dissipadors per a la pr\u00e0ctica de vies ferrades, fogons i llums de gas.<\/p>\n\n\n\n<p>Des dels inicis de l\u2019entitat, aquesta a generat, fruit de donacions, de compres, o pel fet de formar part del programa de suport a les biblioteques de muntanya de la FEEC, disposa d\u2019una eina de consulta i complement bibliogr\u00e0fic de moltes ressenyes d\u2019activitats i viatges, com \u00e9s la Biblioteca de Muntanya \u201cJoan Soley i Farr\u00e9s\u201d(inaugurada com a tal, el 2002), que tamb\u00e9 \u00e9s Cartoteca i Hemeroteca, especialitzada amb m\u00e9s de 500 llibres, 150 mapes i subscrits a set revistes dedicades als esports de muntanya, als viatges i descoberta d\u2019indrets del m\u00f3n.<\/p>\n\n\n\n<p>De primer amb seu a la Rectoria de Lli\u00e7\u00e0 d\u2019Amunt, i als anys \u201990, la seu de l\u2019entitat es trasllad\u00e0 al<\/p>\n\n\n\n<p>c\/. Barcelona, 25 de Lli\u00e7\u00e0 d\u2019Amunt, espai cedit i propietat de l\u2019Ajuntament de Lli\u00e7\u00e0 d\u2019Amunt.<\/p>\n\n\n\n<p>Dels anys \u201990 fins a l\u2019actualitat, activitats com les diapositives a la fresca i xerrades, cursets de formaci\u00f3 i monogr\u00e0fics d\u2019iniciaci\u00f3 als esports de muntanya (Orientaci\u00f3, Escalada, Barranquisme, BTT\u2026) la Pedalada Popular en BTT per la Vall del Tenes ( 10 edicions i continu\u00eftat del testimoni fins a la 25 edici\u00f3 per part del club ciclista Concos), el Roc\u00f2drom al pati del galliners vells (original i innovador en el seu moment, propietat de l\u2019Ajuntament de Lli\u00e7\u00e0 d\u2019Amunt, constru\u00eft per l\u2019empresa Tarrag\u00f3, on si va fer activitat per la Festa Major, escoles i cursets d\u2019escalada) i compatible amb la taula d\u2019entrenament (a la sala polivalent de l\u2019Ateneu l\u2019Alian\u00e7a), ascensions a cims i travesses a peu (Remuntada del riu Tenes- 2016, travesses al Pirineu i Alps) i d\u2019esqu\u00ed de muntanya (un seguit de sortides preparat\u00f2ries als Pirineus, Alps per a l\u2019ascensi\u00f3 del cim del Muztagh Ata, al Kunlun (Xina-Pakistan), participaci\u00f3 a curses de muntanya, i organitzaci\u00f3 de la cursa de muntanya (3 edicions, als Cingles de Bert\u00ed), etc.<\/p>\n\n\n\n<p>La Marxa Passeig, a partir de les fitxes descriptives dels seus recorreguts, el 2000, es va publicar un llibre de recorreguts pels Cingles de Bert\u00ed, fent-se dues edicions, per la seva acceptaci\u00f3. D\u2019aquests anys, tamb\u00e9 s\u00f3n la creaci\u00f3 i inauguraci\u00f3 dels senders de petit recorregut de Lli\u00e7\u00e0 d\u2019Amunt (PR-C 32: Pla del Rieral i les seves 2 variants, i el PR-C 34: Palaud\u00e0ries), i de Santa Eul\u00e0lia de Ron\u00e7ana (PR-C 10: sender Ron\u00e7anenc), com tamb\u00e9, de la creaci\u00f3 i manteniment d\u2019un tram del sender de gran recorregut GR 97: de la Tordera al Llobregat, en el seu tram que va de la Urb. els Lladoners (Caldes de Montbui) passant pel Bosc de Palaud\u00e0ries fins a Torre Marimon (recorregut aproximat del tra\u00e7at del Quart Cintur\u00f3).<\/p>\n\n\n\n<p>La filosofia de l\u2019entitat, com moltes de les entitats que formen la FEEC, i l\u2019esport i la cultura catalana, es veu reflectit en l\u2019articulat del seus Estatuts vigents aprovats. Us n\u2019adjuntem els actuals.<\/p>\n\n\n\n<ul class=\"wp-block-list\">\n<li><mark>RESOLUCI\u00d3 D\u2019INSCRIPCI\u00d3 AL R.E.E. DE LA G.C. i els ESTATUTS VIGENTS APROVATS (2016):<\/mark><\/li>\n<\/ul>\n\n\n\n<div data-wp-interactive=\"core\/file\" class=\"wp-block-file\"><object data-wp-bind--hidden=\"!state.hasPdfPreview\" hidden class=\"wp-block-file__embed\" data=\"http:\/\/uecvalltenes.com\/web\/wp-content\/uploads\/2023\/02\/RESOLUCIO-REE-CEE-ESTATUTS-VIGENTS-2016-1.pdf\" type=\"application\/pdf\" style=\"width:100%;height:600px\" aria-label=\"Incrustaci\u00f3 del fitxer RESOLUCIO-REE-CEE-ESTATUTS-VIGENTS-2016-1.\"><\/object><a id=\"wp-block-file--media-7164fd0c-7083-4ea7-ab55-534ef84a5733\" href=\"http:\/\/uecvalltenes.com\/web\/wp-content\/uploads\/2023\/02\/RESOLUCIO-REE-CEE-ESTATUTS-VIGENTS-2016-1.pdf\">RESOLUCIO-REE-CEE-ESTATUTS-VIGENTS-2016-1<\/a><a href=\"http:\/\/uecvalltenes.com\/web\/wp-content\/uploads\/2023\/02\/RESOLUCIO-REE-CEE-ESTATUTS-VIGENTS-2016-1.pdf\" class=\"wp-block-file__button wp-element-button\" download aria-describedby=\"wp-block-file--media-7164fd0c-7083-4ea7-ab55-534ef84a5733\">Baixa<\/a><\/div>\n\n\n\n<div data-wp-interactive=\"core\/file\" class=\"wp-block-file\"><object data-wp-bind--hidden=\"!state.hasPdfPreview\" hidden class=\"wp-block-file__embed\" data=\"http:\/\/uecvalltenes.com\/web\/wp-content\/uploads\/2023\/02\/ESTATUTS-VIGENTS-2016-1.pdf\" type=\"application\/pdf\" style=\"width:100%;height:600px\" aria-label=\"Incrustaci\u00f3 del fitxer ESTATUTS-VIGENTS-2016-1.\"><\/object><a id=\"wp-block-file--media-0d38c28e-fbb6-4a2c-a286-adf611073cee\" href=\"http:\/\/uecvalltenes.com\/web\/wp-content\/uploads\/2023\/02\/ESTATUTS-VIGENTS-2016-1.pdf\">ESTATUTS-VIGENTS-2016-1<\/a><a href=\"http:\/\/uecvalltenes.com\/web\/wp-content\/uploads\/2023\/02\/ESTATUTS-VIGENTS-2016-1.pdf\" class=\"wp-block-file__button wp-element-button\" download aria-describedby=\"wp-block-file--media-0d38c28e-fbb6-4a2c-a286-adf611073cee\">Baixa<\/a><\/div>\n","protected":false},"excerpt":{"rendered":"<p>La Uni\u00f3 Excursionista de Catalunya de la Vall del Tenes \u00e9s membre afiliada a la Federaci\u00f3 d\u2019Entitats Excursionistes de Catalanya (FEEC) i de la Federaci\u00f3n<\/p>\n","protected":false},"author":1,"featured_media":0,"parent":0,"menu_order":0,"comment_status":"closed","ping_status":"open","template":"","meta":{"footnotes":""},"class_list":["post-2","page","type-page","status-publish","hentry"],"_links":{"self":[{"href":"http:\/\/uecvalltenes.com\/web\/wp-json\/wp\/v2\/pages\/2","targetHints":{"allow":["GET"]}}],"collection":[{"href":"http:\/\/uecvalltenes.com\/web\/wp-json\/wp\/v2\/pages"}],"about":[{"href":"http:\/\/uecvalltenes.com\/web\/wp-json\/wp\/v2\/types\/page"}],"author":[{"embeddable":true,"href":"http:\/\/uecvalltenes.com\/web\/wp-json\/wp\/v2\/users\/1"}],"replies":[{"embeddable":true,"href":"http:\/\/uecvalltenes.com\/web\/wp-json\/wp\/v2\/comments?post=2"}],"version-history":[{"count":2,"href":"http:\/\/uecvalltenes.com\/web\/wp-json\/wp\/v2\/pages\/2\/revisions"}],"predecessor-version":[{"id":242,"href":"http:\/\/uecvalltenes.com\/web\/wp-json\/wp\/v2\/pages\/2\/revisions\/242"}],"wp:attachment":[{"href":"http:\/\/uecvalltenes.com\/web\/wp-json\/wp\/v2\/media?parent=2"}],"curies":[{"name":"wp","href":"https:\/\/api.w.org\/{rel}","templated":true}]}}